{"id":1216,"date":"2018-05-28T19:10:16","date_gmt":"2018-05-28T19:10:16","guid":{"rendered":"http:\/\/ultrawise.pt\/?page_id=1216"},"modified":"2023-07-27T09:41:11","modified_gmt":"2023-07-27T09:41:11","slug":"privacy","status":"publish","type":"page","link":"https:\/\/ultrawise.pt\/en\/privacy\/","title":{"rendered":"Privacy"},"content":{"rendered":"<p>[et_pb_section fb_built=&#8221;1&#8243; fullwidth=&#8221;on&#8221; _builder_version=&#8221;4.16&#8243; global_colors_info=&#8221;{}&#8221;][et_pb_fullwidth_image src=&#8221;https:\/\/ultrawise.pt\/wp-content\/uploads\/2023\/07\/Privacy.jpg&#8221; _builder_version=&#8221;4.21.0&#8243; animation_style=&#8221;slide&#8221; animation_direction=&#8221;left&#8221; animation_duration=&#8221;500ms&#8221; animation_intensity_slide=&#8221;10%&#8221; hover_enabled=&#8221;0&#8243; use_border_color=&#8221;off&#8221; global_colors_info=&#8221;{}&#8221; title_text=&#8221;Privacy&#8221; sticky_enabled=&#8221;0&#8243;][\/et_pb_fullwidth_image][\/et_pb_section][et_pb_section fb_built=&#8221;1&#8243; admin_label=&#8221;section&#8221; _builder_version=&#8221;4.16&#8243; global_colors_info=&#8221;{}&#8221;][et_pb_row _builder_version=&#8221;4.16&#8243; background_size=&#8221;initial&#8221; background_position=&#8221;top_left&#8221; background_repeat=&#8221;repeat&#8221; global_colors_info=&#8221;{}&#8221;][et_pb_column type=&#8221;4_4&#8243; _builder_version=&#8221;4.16&#8243; custom_padding=&#8221;|||&#8221; global_colors_info=&#8221;{}&#8221; custom_padding__hover=&#8221;|||&#8221;][et_pb_text admin_label=&#8221;Texto Legal&#8221; _builder_version=&#8221;4.16&#8243; global_colors_info=&#8221;{}&#8221;]<\/p>\n<h2 style=\"text-align: left;\"><strong>Pol\u00edtica de Privacidade<\/strong><\/h2>\n<h4 style=\"text-align: left;\">\u00a0<\/h4>\n<h4 style=\"text-align: left;\"><strong>Informa\u00e7\u00f5es e Direitos<\/strong><\/h4>\n<h4><strong>(Regulamento Geral de Prote\u00e7\u00e3o de Dados)<\/strong><\/h4>\n<p>i. Informamos que os dados pessoais fornecidos no \u00e2mbito do presente pedido de servi\u00e7o ser\u00e3o tratados com as finalidades descritas abaixo.<\/p>\n<p>ii. Salvo indica\u00e7\u00e3o expressa em contr\u00e1rio no momento da recolha, todos os dados pessoais recolhidos s\u00e3o obrigat\u00f3rios por serem elementos indispens\u00e1veis para a presta\u00e7\u00e3o do servi\u00e7o. A falta de presta\u00e7\u00e3o dos mesmos impedir\u00e1 que processemos o seu pedido. Os dados pessoais ser\u00e3o recolhidos exclusivamente para as finalidades indicadas na presente informa\u00e7\u00e3o.<\/p>\n<p>iii. Ao fornecer os seus dados, confirma e garante a veracidade e precis\u00e3o dos mesmos, e que estes se ajustam \u00e0 realidade atual, correspondendo \u00fanica e exclusivamente a si, de modo a que n\u00e3o pretende utilizar dados pessoais ou identificativos correspondentes a nenhum terceiro. Neste sentido, aceita e concorda comunicar qualquer modifica\u00e7\u00e3o que possa ocorrer sobre os seus dados, de acordo com o procedimento estabelecido no ponto 4.<\/p>\n<p>&nbsp;<\/p>\n<h4><strong>1. Com que finalidade e qual a base de licitude com que tratamos os seus dados pessoais?<\/strong><\/h4>\n<p><strong>i. Os dados pessoais ser\u00e3o recolhidos e tratados com as seguintes finalidades que se detalham seguidamente:<\/strong><\/p>\n<p>Gerir e manter a rela\u00e7\u00e3o contratual desde a realiza\u00e7\u00e3o do pedido at\u00e9 que a referida rela\u00e7\u00e3o termine, incluindo a verifica\u00e7\u00e3o de que o pedido realizado por si \u00e9 registado e entregue adequadamente, a realiza\u00e7\u00e3o das comunica\u00e7\u00f5es relacionadas com a presta\u00e7\u00e3o dos servi\u00e7os que sejam necess\u00e1rias, bem como a gest\u00e3o das consultas de servi\u00e7os e reclama\u00e7\u00f5es do servi\u00e7o de informa\u00e7\u00f5es ao cliente.<\/p>\n<p><strong>ii. Interesse leg\u00edtimo:<\/strong><\/p>\n<p>Realizar comunica\u00e7\u00f5es comerciais e\/ou publicit\u00e1rias, incluindo por meios eletr\u00f3nicos, com a finalidade de mant\u00ea-lo informado sobre produtos e servi\u00e7os similares aos do contrato, nomeadamente descontos e promo\u00e7\u00f5es.<\/p>\n<p><strong>iii. Cumprimento de uma obriga\u00e7\u00e3o legal:<\/strong><\/p>\n<p>Comunicar informa\u00e7\u00e3o \u00e0s autoridades p\u00fablicas ou org\u00e3os governamentais nos casos em que tal comunica\u00e7\u00e3o seja necess\u00e1ria por lei.<\/p>\n<p><strong>iv. Consentimento expresso:<\/strong><\/p>\n<p>Se o autoriza, os seus dados ser\u00e3o ainda usados para mant\u00ea-lo informado, incluindo por meios eletr\u00f3nicos, sobre os produtos e servi\u00e7os comercializados pela UltraWise, Lda, permitindo a sua participa\u00e7\u00e3o em concursos e promo\u00e7\u00f5es, bem como conhecer o seu n\u00edvel de satisfa\u00e7\u00e3o de modo a melhorar e desenvolver os produtos e servi\u00e7os em conformidade com as suas necessidades e interesses.<\/p>\n<p>&nbsp;<\/p>\n<h4><strong>2. Destinat\u00e1rios dos seus dados pessoais<\/strong><\/h4>\n<p>A UltraWise, Lda, poder\u00e1 comunicar os seus dados pessoais \u00e0s seguintes entidades:<\/p>\n<p>i. Autoridades p\u00fablicas nos termos previstos na sec\u00e7\u00e3o iii do ponto 1.<\/p>\n<p>&nbsp;<\/p>\n<h4><strong>3. Conserva\u00e7\u00e3o dos seus dados pessoais<\/strong><\/h4>\n<p>a) Os seus dados pessoais ser\u00e3o tratados e conservados pela UltraWise, Lda, durante toda a dura\u00e7\u00e3o da rela\u00e7\u00e3o contratual consigo. Os crit\u00e9rios utilizados para estabelecer os prazos de conserva\u00e7\u00e3o dos seus dados foram determinados de acordo com os crit\u00e9rios estabelecidos na legisla\u00e7\u00e3o, regulamentos e diretrizes aplic\u00e1veis, assim como com os requisitos operacionais relacionados com a correta gest\u00e3o da rela\u00e7\u00e3o com os nossos clientes.<\/p>\n<p>b) N\u00e3o obstante o disposto anteriormente, os seus dados ser\u00e3o conservados devidamente bloqueados, pela dura\u00e7\u00e3o correspondente \u00e0 exist\u00eancia de responsabilidades de qualquer natureza, assim como para o cumprimento de outras obriga\u00e7\u00f5es legais. Nos referidos casos, garantimos que os seus dados n\u00e3o ser\u00e3o tratados, a menos que tal tratamento seja necess\u00e1rio para a formula\u00e7\u00e3o, exerc\u00edcio ou defesa de reclama\u00e7\u00f5es ou quando for necess\u00e1rio fornecer os mesmos \u00e0s Autoridades P\u00fablicas.<\/p>\n<p>&nbsp;<\/p>\n<h4><strong>4. Os seus direitos<\/strong><\/h4>\n<p>Poder\u00e1 exercer os seus direitos de acesso, retifica\u00e7\u00e3o, cancelamento e oposi\u00e7\u00e3o, bem como o direito \u00e0 limita\u00e7\u00e3o do tratamento e \u00e0 portabilidade dos seus dados pessoais, acreditando a sua identidade (mediante a apresenta\u00e7\u00e3o de documento de identifica\u00e7\u00e3o v\u00e1lido) perante:<\/p>\n<p>i. UltraWise, Lda, quer atrav\u00e9s de contato telef\u00f3nico ou atrav\u00e9s de correio para a seguinte morada: Av. D. Jo\u00e3o II, N\u00ba 50, 1990-095 Lisboa, ou atrav\u00e9s de correio eletr\u00f3nico por via do formul\u00e1rio de contacto existente no nosso Website.<\/p>\n<p>ii. Contato telef\u00f3nico: 211 212 112<\/p>\n<p>&nbsp;<\/p>\n<h4><strong>5. Reclama\u00e7\u00f5es<\/strong><\/h4>\n<p>Se considera que a UltraWise, Lda, infringiu qualquer um dos direitos anteriormente mencionados, ter\u00e1 tamb\u00e9m o direito a apresentar uma reclama\u00e7\u00e3o perante a Comiss\u00e3o Nacional de Prote\u00e7\u00e3o de Dados.<\/p>\n<p>[\/et_pb_text][\/et_pb_column][\/et_pb_row][et_pb_row _builder_version=&#8221;4.19.5&#8243; _module_preset=&#8221;default&#8221; global_colors_info=&#8221;{}&#8221;][et_pb_column type=&#8221;4_4&#8243; _builder_version=&#8221;4.19.5&#8243; _module_preset=&#8221;default&#8221; global_colors_info=&#8221;{}&#8221;][et_pb_divider show_divider=&#8221;off&#8221; admin_label=&#8221;Divider&#8221; _builder_version=&#8221;4.19.5&#8243; _module_preset=&#8221;default&#8221; height=&#8221;100px&#8221; global_colors_info=&#8221;{}&#8221;][\/et_pb_divider][et_pb_text admin_label=&#8221;Texto sobre Livro de Reclama\u00e7\u00f5es&#8221; _builder_version=&#8221;4.19.5&#8243; _module_preset=&#8221;default&#8221; global_colors_info=&#8221;{}&#8221;]<\/p>\n<p style=\"text-align: center;\">De acordo com os requisitos legais em vigor,<br \/>a UltraWise disp\u00f5e de Livro de Reclama\u00e7\u00f5es Eletr\u00f3nico.<\/p>\n<p>[\/et_pb_text][et_pb_image src=&#8221;https:\/\/ultrawise.pt\/wp-content\/uploads\/2023\/02\/LivroReclamacoesElectronico_LogoAzul_01.jpg&#8221; title_text=&#8221;LivroReclamacoesElectronico_LogoAzul_01&#8243; url=&#8221;https:\/\/www.livroreclamacoes.pt\/inicio&#8221; url_new_window=&#8221;on&#8221; align=&#8221;center&#8221; admin_label=&#8221;Logo e Link para Livro de Reclama\u00e7\u00f5es&#8221; _builder_version=&#8221;4.19.5&#8243; _module_preset=&#8221;default&#8221; global_colors_info=&#8221;{}&#8221;][\/et_pb_image][\/et_pb_column][\/et_pb_row][\/et_pb_section]<\/p>\n","protected":false},"excerpt":{"rendered":"<p>Pol\u00edtica de Privacidade \u00a0 Informa\u00e7\u00f5es e Direitos (Regulamento Geral de Prote\u00e7\u00e3o de Dados) i. Informamos que os dados pessoais fornecidos no \u00e2mbito do presente pedido de servi\u00e7o ser\u00e3o tratados com as finalidades descritas abaixo. ii. Salvo indica\u00e7\u00e3o expressa em contr\u00e1rio no momento da recolha, todos os dados pessoais recolhidos s\u00e3o obrigat\u00f3rios por serem elementos indispens\u00e1veis [&hellip;]<\/p>\n","protected":false},"author":4,"featured_media":0,"parent":0,"menu_order":0,"comment_status":"closed","ping_status":"closed","template":"","meta":{"_et_pb_use_builder":"on","_et_pb_old_content":"","_et_gb_content_width":"","footnotes":""},"class_list":["post-1216","page","type-page","status-publish","hentry"],"_links":{"self":[{"href":"https:\/\/ultrawise.pt\/en\/wp-json\/wp\/v2\/pages\/1216","targetHints":{"allow":["GET"]}}],"collection":[{"href":"https:\/\/ultrawise.pt\/en\/wp-json\/wp\/v2\/pages"}],"about":[{"href":"https:\/\/ultrawise.pt\/en\/wp-json\/wp\/v2\/types\/page"}],"author":[{"embeddable":true,"href":"https:\/\/ultrawise.pt\/en\/wp-json\/wp\/v2\/users\/4"}],"replies":[{"embeddable":true,"href":"https:\/\/ultrawise.pt\/en\/wp-json\/wp\/v2\/comments?post=1216"}],"version-history":[{"count":11,"href":"https:\/\/ultrawise.pt\/en\/wp-json\/wp\/v2\/pages\/1216\/revisions"}],"predecessor-version":[{"id":1407,"href":"https:\/\/ultrawise.pt\/en\/wp-json\/wp\/v2\/pages\/1216\/revisions\/1407"}],"wp:attachment":[{"href":"https:\/\/ultrawise.pt\/en\/wp-json\/wp\/v2\/media?parent=1216"}],"curies":[{"name":"wp","href":"https:\/\/api.w.org\/{rel}","templated":true}]}}