{"id":846,"date":"2018-02-21T01:05:58","date_gmt":"2018-02-21T01:05:58","guid":{"rendered":"http:\/\/ultrawise.pt\/?page_id=846"},"modified":"2023-02-10T19:09:40","modified_gmt":"2023-02-10T19:09:40","slug":"contact","status":"publish","type":"page","link":"https:\/\/ultrawise.pt\/en\/contact\/","title":{"rendered":"Contact"},"content":{"rendered":"<p>[et_pb_section fb_built=&#8221;1&#8243; fullwidth=&#8221;on&#8221; admin_label=&#8221;Map Header&#8221; _builder_version=&#8221;4.16&#8243; global_colors_info=&#8221;{}&#8221;][et_pb_fullwidth_map address=&#8221;Parque das Na\u00e7\u00f5es, Lisboa, Portugal&#8221; zoom_level=&#8221;15&#8243; address_lat=&#8221;38.76950156182796&#8243; address_lng=&#8221;-9.105159900863669&#8243; mouse_wheel=&#8221;off&#8221; _builder_version=&#8221;4.16&#8243; filter_saturate=&#8221;0%&#8221; filter_opacity=&#8221;50%&#8221; global_colors_info=&#8221;{}&#8221;][et_pb_map_pin title=&#8221;UltraWise&#8221; pin_address=&#8221;Av. Dom Jo\u00e3o II 10625B, 1990-203 Lisboa, Portugal&#8221; pin_address_lat=&#8221;38.770647553043645&#8243; pin_address_lng=&#8221;-9.097327850540182&#8243; _builder_version=&#8221;4.0.4&#8243; global_colors_info=&#8221;{}&#8221;][\/et_pb_map_pin][\/et_pb_fullwidth_map][\/et_pb_section][et_pb_section fb_built=&#8221;1&#8243; specialty=&#8221;on&#8221; admin_label=&#8221;Contact&#8221; _builder_version=&#8221;4.16&#8243; background_color=&#8221;rgba(0,0,0,0)&#8221; custom_margin=&#8221;|||&#8221; custom_padding=&#8221;0px|0px|54px|0px&#8221; global_colors_info=&#8221;{}&#8221;][et_pb_column type=&#8221;1_2&#8243; specialty_columns=&#8221;2&#8243; _builder_version=&#8221;4.16&#8243; custom_padding=&#8221;|||&#8221; global_colors_info=&#8221;{}&#8221; custom_padding__hover=&#8221;|||&#8221;][et_pb_row_inner custom_padding_last_edited=&#8221;on|desktop&#8221; _builder_version=&#8221;4.16&#8243; background_color=&#8221;#ffffff&#8221; custom_margin=&#8221;-200px||80px|&#8221; custom_padding=&#8221;60px|60px|60px|60px&#8221; custom_padding_tablet=&#8221;&#8221; custom_padding_phone=&#8221;|40px||40px&#8221; box_shadow_style=&#8221;preset3&#8243; box_shadow_vertical=&#8221;15px&#8221; box_shadow_blur=&#8221;80px&#8221; global_colors_info=&#8221;{}&#8221;][et_pb_column_inner saved_specialty_column_type=&#8221;1_2&#8243; _builder_version=&#8221;4.16&#8243; custom_padding=&#8221;|||&#8221; global_colors_info=&#8221;{}&#8221; custom_padding__hover=&#8221;|||&#8221;][et_pb_text admin_label=&#8221;Contact Title&#8221; _builder_version=&#8221;4.16&#8243; header_font=&#8221;Playfair Display|700||on|||||&#8221; header_font_size=&#8221;38px&#8221; header_letter_spacing=&#8221;1px&#8221; header_line_height=&#8221;1.4em&#8221; text_orientation=&#8221;center&#8221; max_width=&#8221;550px&#8221; module_alignment=&#8221;center&#8221; custom_margin=&#8221;|||&#8221; locked=&#8221;off&#8221; global_colors_info=&#8221;{}&#8221;]<\/p>\n<h1>Contacte-nos<\/h1>\n<p>[\/et_pb_text][et_pb_contact_form captcha=&#8221;off&#8221; email=&#8221;info@ultrawise.pt&#8221; success_message=&#8221;A sua mensagem foi enviada com sucesso. Obrigado.&#8221; submit_button_text=&#8221;Enviar&#8221; module_id=&#8221;et_pb_contact_form_0&#8243; _builder_version=&#8221;4.16&#8243; _unique_id=&#8221;9bdbc2e1-bd74-4a90-9b88-b292deabd0d4&#8243; form_field_background_color=&#8221;#ffffff&#8221; form_field_text_color=&#8221;rgba(0,0,0,0.7)&#8221; title_level=&#8221;h2&#8243; title_font=&#8221;Playfair Display|700||on|||||&#8221; title_text_align=&#8221;center&#8221; title_font_size=&#8221;38px&#8221; title_line_height=&#8221;1.4em&#8221; form_field_font=&#8221;Poppins|600||on|||||&#8221; form_field_font_size=&#8221;12px&#8221; form_field_letter_spacing=&#8221;2px&#8221; custom_button=&#8221;on&#8221; button_text_color=&#8221;#ffffff&#8221; button_bg_color=&#8221;#edbb5f&#8221; button_border_width=&#8221;0px&#8221; button_border_radius=&#8221;0px&#8221; button_letter_spacing=&#8221;1px&#8221; button_font=&#8221;Saira Extra Condensed|600||on|||||&#8221; button_icon=&#8221;&#x24;||divi||400&#8243; custom_margin=&#8221;|||&#8221; custom_padding=&#8221;|||&#8221; border_color_all=&#8221;#dfdfe3&#8243; border_width_bottom=&#8221;1px&#8221; form_background_color=&#8221;#ffffff&#8221; locked=&#8221;off&#8221; global_colors_info=&#8221;{}&#8221;][et_pb_contact_field field_id=&#8221;Name&#8221; field_title=&#8221;Nome&#8221; fullwidth_field=&#8221;on&#8221; _builder_version=&#8221;4.16&#8243; form_field_font=&#8221;||||||||&#8221; custom_margin=&#8221;||20px|&#8221; custom_margin_tablet=&#8221;||20px|&#8221; custom_margin_phone=&#8221;||20px|&#8221; global_colors_info=&#8221;{}&#8221; button_text_size__hover_enabled=&#8221;off&#8221; button_one_text_size__hover_enabled=&#8221;off&#8221; button_two_text_size__hover_enabled=&#8221;off&#8221; button_text_color__hover_enabled=&#8221;off&#8221; button_one_text_color__hover_enabled=&#8221;off&#8221; button_two_text_color__hover_enabled=&#8221;off&#8221; button_border_width__hover_enabled=&#8221;off&#8221; button_one_border_width__hover_enabled=&#8221;off&#8221; button_two_border_width__hover_enabled=&#8221;off&#8221; button_border_color__hover_enabled=&#8221;off&#8221; button_one_border_color__hover_enabled=&#8221;off&#8221; button_two_border_color__hover_enabled=&#8221;off&#8221; button_border_radius__hover_enabled=&#8221;off&#8221; button_one_border_radius__hover_enabled=&#8221;off&#8221; button_two_border_radius__hover_enabled=&#8221;off&#8221; button_letter_spacing__hover_enabled=&#8221;off&#8221; button_one_letter_spacing__hover_enabled=&#8221;off&#8221; button_two_letter_spacing__hover_enabled=&#8221;off&#8221; button_bg_color__hover_enabled=&#8221;off&#8221; button_one_bg_color__hover_enabled=&#8221;off&#8221; button_two_bg_color__hover_enabled=&#8221;off&#8221;][\/et_pb_contact_field][et_pb_contact_field field_id=&#8221;Email&#8221; field_title=&#8221;Endere\u00e7o de E-Mail&#8221; fullwidth_field=&#8221;on&#8221; _builder_version=&#8221;4.16&#8243; form_field_font=&#8221;||||||||&#8221; custom_margin=&#8221;||20px|&#8221; custom_margin_tablet=&#8221;||20px|&#8221; custom_margin_phone=&#8221;||20px|&#8221; global_colors_info=&#8221;{}&#8221; button_text_size__hover_enabled=&#8221;off&#8221; button_one_text_size__hover_enabled=&#8221;off&#8221; button_two_text_size__hover_enabled=&#8221;off&#8221; button_text_color__hover_enabled=&#8221;off&#8221; button_one_text_color__hover_enabled=&#8221;off&#8221; button_two_text_color__hover_enabled=&#8221;off&#8221; button_border_width__hover_enabled=&#8221;off&#8221; button_one_border_width__hover_enabled=&#8221;off&#8221; button_two_border_width__hover_enabled=&#8221;off&#8221; button_border_color__hover_enabled=&#8221;off&#8221; button_one_border_color__hover_enabled=&#8221;off&#8221; button_two_border_color__hover_enabled=&#8221;off&#8221; button_border_radius__hover_enabled=&#8221;off&#8221; button_one_border_radius__hover_enabled=&#8221;off&#8221; button_two_border_radius__hover_enabled=&#8221;off&#8221; button_letter_spacing__hover_enabled=&#8221;off&#8221; button_one_letter_spacing__hover_enabled=&#8221;off&#8221; button_two_letter_spacing__hover_enabled=&#8221;off&#8221; button_bg_color__hover_enabled=&#8221;off&#8221; button_one_bg_color__hover_enabled=&#8221;off&#8221; button_two_bg_color__hover_enabled=&#8221;off&#8221;][\/et_pb_contact_field][et_pb_contact_field field_id=&#8221;Phone&#8221; field_title=&#8221;Telefone&#8221; required_mark=&#8221;off&#8221; fullwidth_field=&#8221;on&#8221; _builder_version=&#8221;4.16&#8243; form_field_font=&#8221;||||||||&#8221; custom_margin=&#8221;||20px|&#8221; custom_margin_tablet=&#8221;||20px|&#8221; custom_margin_phone=&#8221;||20px|&#8221; global_colors_info=&#8221;{}&#8221; button_text_size__hover_enabled=&#8221;off&#8221; button_one_text_size__hover_enabled=&#8221;off&#8221; button_two_text_size__hover_enabled=&#8221;off&#8221; button_text_color__hover_enabled=&#8221;off&#8221; button_one_text_color__hover_enabled=&#8221;off&#8221; button_two_text_color__hover_enabled=&#8221;off&#8221; button_border_width__hover_enabled=&#8221;off&#8221; button_one_border_width__hover_enabled=&#8221;off&#8221; button_two_border_width__hover_enabled=&#8221;off&#8221; button_border_color__hover_enabled=&#8221;off&#8221; button_one_border_color__hover_enabled=&#8221;off&#8221; button_two_border_color__hover_enabled=&#8221;off&#8221; button_border_radius__hover_enabled=&#8221;off&#8221; button_one_border_radius__hover_enabled=&#8221;off&#8221; button_two_border_radius__hover_enabled=&#8221;off&#8221; button_letter_spacing__hover_enabled=&#8221;off&#8221; button_one_letter_spacing__hover_enabled=&#8221;off&#8221; button_two_letter_spacing__hover_enabled=&#8221;off&#8221; button_bg_color__hover_enabled=&#8221;off&#8221; button_one_bg_color__hover_enabled=&#8221;off&#8221; button_two_bg_color__hover_enabled=&#8221;off&#8221;][\/et_pb_contact_field][et_pb_contact_field field_id=&#8221;Message&#8221; field_title=&#8221;Mensagem&#8221; field_type=&#8221;text&#8221; fullwidth_field=&#8221;on&#8221; _builder_version=&#8221;4.16&#8243; form_field_background_color=&#8221;rgba(12,12,12,0.02)&#8221; form_field_font=&#8221;||||||||&#8221; custom_margin=&#8221;40px||20px|&#8221; custom_margin_tablet=&#8221;40px||20px|&#8221; custom_margin_phone=&#8221;40px||20px|&#8221; border_width_all=&#8221;1px&#8221; field_background_color=&#8221;rgba(12,12,12,0.02)&#8221; global_colors_info=&#8221;{}&#8221; button_text_size__hover_enabled=&#8221;off&#8221; button_one_text_size__hover_enabled=&#8221;off&#8221; button_two_text_size__hover_enabled=&#8221;off&#8221; button_text_color__hover_enabled=&#8221;off&#8221; button_one_text_color__hover_enabled=&#8221;off&#8221; button_two_text_color__hover_enabled=&#8221;off&#8221; button_border_width__hover_enabled=&#8221;off&#8221; button_one_border_width__hover_enabled=&#8221;off&#8221; button_two_border_width__hover_enabled=&#8221;off&#8221; button_border_color__hover_enabled=&#8221;off&#8221; button_one_border_color__hover_enabled=&#8221;off&#8221; button_two_border_color__hover_enabled=&#8221;off&#8221; button_border_radius__hover_enabled=&#8221;off&#8221; button_one_border_radius__hover_enabled=&#8221;off&#8221; button_two_border_radius__hover_enabled=&#8221;off&#8221; button_letter_spacing__hover_enabled=&#8221;off&#8221; button_one_letter_spacing__hover_enabled=&#8221;off&#8221; button_two_letter_spacing__hover_enabled=&#8221;off&#8221; button_bg_color__hover_enabled=&#8221;off&#8221; button_one_bg_color__hover_enabled=&#8221;off&#8221; button_two_bg_color__hover_enabled=&#8221;off&#8221;][\/et_pb_contact_field][\/et_pb_contact_form][\/et_pb_column_inner][\/et_pb_row_inner][\/et_pb_column][et_pb_column type=&#8221;1_2&#8243; _builder_version=&#8221;4.16&#8243; custom_padding=&#8221;|||&#8221; global_colors_info=&#8221;{}&#8221; custom_padding__hover=&#8221;|||&#8221;][et_pb_blurb title=&#8221;Visite-nos&#8221; use_icon=&#8221;on&#8221; font_icon=&#8221;&#xe081;||divi||400&#8243; icon_color=&#8221;#ffffff&#8221; image_icon_background_color=&#8221;#edbb5f&#8221; icon_placement=&#8221;left&#8221; image_icon_width=&#8221;24px&#8221; admin_label=&#8221;Address&#8221; _builder_version=&#8221;4.16&#8243; header_font=&#8221;Poppins|700||on|||||&#8221; header_text_align=&#8221;left&#8221; header_text_color=&#8221;rgba(0,0,0,0.4)&#8221; header_font_size=&#8221;12px&#8221; header_letter_spacing=&#8221;1px&#8221; body_font=&#8221;Poppins||||||||&#8221; body_text_align=&#8221;left&#8221; body_text_color=&#8221;#000000&#8243; body_letter_spacing=&#8221;1px&#8221; body_line_height=&#8221;1.8em&#8221; image_icon_custom_padding=&#8221;8px|8px|8px|8px|false|false&#8221; text_orientation=&#8221;center&#8221; custom_margin=&#8221;||40px|&#8221; animation_style=&#8221;zoom&#8221; animation_intensity_zoom=&#8221;30%&#8221; animation=&#8221;off&#8221; border_style_all=&#8221;dashed&#8221; border_radii_image=&#8221;on|100%|100%|100%|100%&#8221; icon_font_size=&#8221;24px&#8221; use_circle=&#8221;on&#8221; circle_color=&#8221;#edbb5f&#8221; locked=&#8221;off&#8221; global_colors_info=&#8221;{}&#8221; image_icon_background_color__sticky_enabled=&#8221;#00a2c7&#8243; image_icon_background_color__sticky=&#8221;#00a2c7&#8243;]<\/p>\n<p style=\"text-align: left;\">Av. D. Jo\u00e3o II, N\u00ba 50 &#8211; Piso 4<br \/>Parque das Na\u00e7\u00f5es &#8211; 1990-095 Lisboa<\/p>\n<p>[\/et_pb_blurb][et_pb_blurb title=&#8221;Contacte-nos&#8221; use_icon=&#8221;on&#8221; font_icon=&#8221;&#xe065;||divi||400&#8243; icon_color=&#8221;#ffffff&#8221; image_icon_background_color=&#8221;#edbb5f&#8221; icon_placement=&#8221;left&#8221; image_icon_width=&#8221;24px&#8221; admin_label=&#8221;Phone &#038; Mail&#8221; _builder_version=&#8221;4.19.5&#8243; header_font=&#8221;Poppins|700||on|||||&#8221; header_text_align=&#8221;left&#8221; header_text_color=&#8221;rgba(0,0,0,0.4)&#8221; header_font_size=&#8221;12px&#8221; header_letter_spacing=&#8221;1px&#8221; body_font=&#8221;Poppins||||||||&#8221; body_text_align=&#8221;left&#8221; body_text_color=&#8221;#000000&#8243; body_letter_spacing=&#8221;1px&#8221; body_line_height=&#8221;1.8em&#8221; image_icon_custom_padding=&#8221;8px|8px|8px|8px|false|false&#8221; text_orientation=&#8221;center&#8221; custom_margin=&#8221;||40px|&#8221; animation_style=&#8221;zoom&#8221; animation_intensity_zoom=&#8221;30%&#8221; animation=&#8221;off&#8221; hover_enabled=&#8221;0&#8243; border_style_all=&#8221;dashed&#8221; border_radii_image=&#8221;on|100%|100%|100%|100%&#8221; icon_font_size=&#8221;24px&#8221; use_circle=&#8221;on&#8221; circle_color=&#8221;#edbb5f&#8221; locked=&#8221;off&#8221; global_colors_info=&#8221;{}&#8221; image_icon_background_color__sticky_enabled=&#8221;#00a2c7&#8243; image_icon_background_color__sticky=&#8221;#00a2c7&#8243; sticky_enabled=&#8221;0&#8243;]<\/p>\n<p style=\"text-align: left;\">+351 211 212 112<br \/>(Chamada para a rede fixa nacional)<br \/>info@ultrawise.pt<\/p>\n<p>[\/et_pb_blurb][et_pb_blurb title=&#8221;Hor\u00e1rio&#8221; use_icon=&#8221;on&#8221; font_icon=&#8221;&#xe06b;||divi||400&#8243; icon_color=&#8221;#ffffff&#8221; image_icon_background_color=&#8221;#edbb5f&#8221; icon_placement=&#8221;left&#8221; image_icon_width=&#8221;24px&#8221; admin_label=&#8221;Working Hours&#8221; _builder_version=&#8221;4.16&#8243; header_font=&#8221;Poppins|700||on|||||&#8221; header_text_align=&#8221;left&#8221; header_text_color=&#8221;rgba(0,0,0,0.4)&#8221; header_font_size=&#8221;12px&#8221; header_letter_spacing=&#8221;1px&#8221; body_font=&#8221;Poppins||||||||&#8221; body_text_align=&#8221;left&#8221; body_text_color=&#8221;#000000&#8243; body_letter_spacing=&#8221;1px&#8221; body_line_height=&#8221;1.8em&#8221; image_icon_custom_padding=&#8221;8px|8px|8px|8px|false|false&#8221; text_orientation=&#8221;center&#8221; custom_margin=&#8221;||40px|&#8221; animation_style=&#8221;zoom&#8221; animation_intensity_zoom=&#8221;30%&#8221; animation=&#8221;off&#8221; border_style_all=&#8221;dashed&#8221; border_radii_image=&#8221;on|100%|100%|100%|100%&#8221; icon_font_size=&#8221;24px&#8221; use_circle=&#8221;on&#8221; circle_color=&#8221;#edbb5f&#8221; locked=&#8221;off&#8221; global_colors_info=&#8221;{}&#8221; image_icon_background_color__sticky_enabled=&#8221;#00a2c7&#8243; image_icon_background_color__sticky=&#8221;#00a2c7&#8243;]<\/p>\n<p style=\"text-align: left;\">Dias \u00dateis: 10:00 &#8211; 18:00<\/p>\n<p>[\/et_pb_blurb][\/et_pb_column][\/et_pb_section][et_pb_section fb_built=&#8221;1&#8243; admin_label=&#8221;Free Consult&#8221; _builder_version=&#8221;4.16&#8243; background_color=&#8221;rgba(0,0,0,0.72)&#8221; background_image=&#8221;https:\/\/ultrawise.pt\/wp-content\/uploads\/2015\/09\/ConsultoriaTecnologica1.jpg&#8221; background_position=&#8221;top_center&#8221; background_blend=&#8221;color-dodge&#8221; custom_margin=&#8221;|||&#8221; custom_padding=&#8221;100px|0px|100px|0px&#8221; global_colors_info=&#8221;{}&#8221;][et_pb_row column_structure=&#8221;1_2,1_2&#8243; _builder_version=&#8221;4.16&#8243; custom_padding=&#8221;|||&#8221; animation_style=&#8221;slide&#8221; animation_direction=&#8221;left&#8221; animation_intensity_slide=&#8221;10%&#8221; animation_starting_opacity=&#8221;100%&#8221; global_colors_info=&#8221;{}&#8221;][et_pb_column type=&#8221;1_2&#8243; _builder_version=&#8221;4.16&#8243; custom_padding=&#8221;|||&#8221; global_colors_info=&#8221;{}&#8221; custom_padding__hover=&#8221;|||&#8221;][\/et_pb_column][et_pb_column type=&#8221;1_2&#8243; _builder_version=&#8221;4.16&#8243; background_color=&#8221;#ffffff&#8221; custom_padding=&#8221;4%|5%|4%|5%&#8221; global_colors_info=&#8221;{}&#8221; custom_padding__hover=&#8221;|||&#8221;][et_pb_text admin_label=&#8221;Meeting Promoter&#8221; _builder_version=&#8221;4.16&#8243; header_2_font=&#8221;Playfair Display|700|||||||&#8221; header_2_font_size=&#8221;38px&#8221; header_2_letter_spacing=&#8221;1px&#8221; header_2_line_height=&#8221;1.4em&#8221; header_3_font=&#8221;Poppins|700||on|||||&#8221; header_3_text_color=&#8221;#edbb5f&#8221; header_3_font_size=&#8221;14px&#8221; header_3_letter_spacing=&#8221;1px&#8221; header_3_line_height=&#8221;2em&#8221; max_width=&#8221;550px&#8221; animation_direction=&#8221;bottom&#8221; locked=&#8221;off&#8221; global_colors_info=&#8221;{}&#8221;]<\/p>\n<h3><span style=\"color: #edbb5f;\">Reuni\u00e3o Gr\u00e1tis<\/span><\/h3>\n<h2>Marque uma reuni\u00e3o gratuita hoje!<\/h2>\n<p>[\/et_pb_text][et_pb_divider show_divider=&#8221;off&#8221; _builder_version=&#8221;4.16&#8243; max_width=&#8221;60px&#8221; module_alignment=&#8221;left&#8221; height=&#8221;2px&#8221; locked=&#8221;off&#8221; global_colors_info=&#8221;{}&#8221;][\/et_pb_divider][et_pb_text admin_label=&#8221;Text About Meeting&#8221; _builder_version=&#8221;4.16&#8243; text_font=&#8221;Poppins||||||||&#8221; text_font_size=&#8221;16px&#8221; text_letter_spacing=&#8221;1px&#8221; text_line_height=&#8221;2em&#8221; max_width=&#8221;550px&#8221; locked=&#8221;off&#8221; global_colors_info=&#8221;{}&#8221;]N\u00e3o deixe de nos consultar para expor a sua ideia ou o seu projecto. Faremos uma primeira reuni\u00e3o consigo sem qualquer custo associado, nem compromisso. Avalie as nossas capacidades e fique a conhecer as nossas sugest\u00f5es.<br \/>\n[\/et_pb_text][et_pb_button button_url=&#8221;http:\/\/ultrawise.pt\/consulting\/&#8221; button_text=&#8221;Saber mais&#8230;&#8221; admin_label=&#8221;Learn More Button&#8221; _builder_version=&#8221;4.16&#8243; custom_button=&#8221;on&#8221; button_text_color=&#8221;#ffffff&#8221; button_bg_color=&#8221;#000000&#8243; button_border_width=&#8221;0px&#8221; button_border_radius=&#8221;0px&#8221; button_letter_spacing=&#8221;1px&#8221; button_font=&#8221;Saira Extra Condensed|600||on|||||&#8221; button_icon=&#8221;&#x24;||divi||400&#8243; button_icon_color=&#8221;#edbb5f&#8221; button_text_color_hover=&#8221;#edbb5f&#8221; button_letter_spacing_hover=&#8221;1px&#8221; global_colors_info=&#8221;{}&#8221; button_text_size__hover_enabled=&#8221;off&#8221; button_one_text_size__hover_enabled=&#8221;off&#8221; button_two_text_size__hover_enabled=&#8221;off&#8221; button_text_color__hover_enabled=&#8221;on&#8221; button_text_color__hover=&#8221;#edbb5f&#8221; button_one_text_color__hover_enabled=&#8221;off&#8221; button_two_text_color__hover_enabled=&#8221;off&#8221; button_border_width__hover_enabled=&#8221;off&#8221; button_one_border_width__hover_enabled=&#8221;off&#8221; button_two_border_width__hover_enabled=&#8221;off&#8221; button_border_color__hover_enabled=&#8221;off&#8221; button_one_border_color__hover_enabled=&#8221;off&#8221; button_two_border_color__hover_enabled=&#8221;off&#8221; button_border_radius__hover_enabled=&#8221;off&#8221; button_one_border_radius__hover_enabled=&#8221;off&#8221; button_two_border_radius__hover_enabled=&#8221;off&#8221; button_letter_spacing__hover_enabled=&#8221;on&#8221; button_letter_spacing__hover=&#8221;1px&#8221; button_one_letter_spacing__hover_enabled=&#8221;off&#8221; button_two_letter_spacing__hover_enabled=&#8221;off&#8221; button_bg_color__hover_enabled=&#8221;off&#8221; button_one_bg_color__hover_enabled=&#8221;off&#8221; button_two_bg_color__hover_enabled=&#8221;off&#8221;][\/et_pb_button][\/et_pb_column][\/et_pb_row][\/et_pb_section]<\/p>\n","protected":false},"excerpt":{"rendered":"<p>Contacte-nos Av. D. Jo\u00e3o II, N\u00ba 50 &#8211; Piso 4Parque das Na\u00e7\u00f5es &#8211; 1990-095 Lisboa+351 211 212 112(Chamada para a rede fixa nacional)info@ultrawise.ptDias \u00dateis: 10:00 &#8211; 18:00Reuni\u00e3o Gr\u00e1tis Marque uma reuni\u00e3o gratuita hoje! N\u00e3o deixe de nos consultar para expor a sua ideia ou o seu projecto. Faremos uma primeira reuni\u00e3o consigo sem qualquer custo [&hellip;]<\/p>\n","protected":false},"author":4,"featured_media":0,"parent":0,"menu_order":0,"comment_status":"closed","ping_status":"closed","template":"","meta":{"_et_pb_use_builder":"on","_et_pb_old_content":"","_et_gb_content_width":"","footnotes":""},"class_list":["post-846","page","type-page","status-publish","hentry"],"_links":{"self":[{"href":"https:\/\/ultrawise.pt\/en\/wp-json\/wp\/v2\/pages\/846","targetHints":{"allow":["GET"]}}],"collection":[{"href":"https:\/\/ultrawise.pt\/en\/wp-json\/wp\/v2\/pages"}],"about":[{"href":"https:\/\/ultrawise.pt\/en\/wp-json\/wp\/v2\/types\/page"}],"author":[{"embeddable":true,"href":"https:\/\/ultrawise.pt\/en\/wp-json\/wp\/v2\/users\/4"}],"replies":[{"embeddable":true,"href":"https:\/\/ultrawise.pt\/en\/wp-json\/wp\/v2\/comments?post=846"}],"version-history":[{"count":27,"href":"https:\/\/ultrawise.pt\/en\/wp-json\/wp\/v2\/pages\/846\/revisions"}],"predecessor-version":[{"id":1382,"href":"https:\/\/ultrawise.pt\/en\/wp-json\/wp\/v2\/pages\/846\/revisions\/1382"}],"wp:attachment":[{"href":"https:\/\/ultrawise.pt\/en\/wp-json\/wp\/v2\/media?parent=846"}],"curies":[{"name":"wp","href":"https:\/\/api.w.org\/{rel}","templated":true}]}}